{"id":24,"date":"2017-01-12T17:54:22","date_gmt":"2017-01-12T16:54:22","guid":{"rendered":"http:\/\/test.radical-openness.org\/2017\/?page_id=24"},"modified":"2017-06-06T14:27:11","modified_gmt":"2017-06-06T12:27:11","slug":"people","status":"publish","type":"page","link":"https:\/\/research.radical-openness.org\/2017\/en\/people\/","title":{"rendered":"People"},"content":{"rendered":"<p class=\"western\"><b>Davide Bevilacqua <\/b><br \/>\nist Medienk\u00fcnstler und Kurator. Er besch\u00e4ftigt sich mit Intertertextualit\u00e4t, kollaborativen Prozessen und experimentellen Formate f\u00fcr die k\u00fcnstlerische Praxis und Vermittlung.<br \/>\nIn seinen Installationen und Performances werden Kybernetik, organische Substanzen, K\u00fcnstliche Intelligenz und Medienarcheologie hinterfragt und in einer \u00c4sthetik der lebendige Maschine miteinander kombiniert. Seit 2015 arbeitet er als Kurator f\u00fcr das Kunstfestival Palinsesti in San Vito al Tagliamento, Italien.<br \/>\n<a href=\"http:\/\/www.davidebevilacqua.com\/\">www.davidebevilacqua.com<br \/>\n<\/a><\/p>\n<p class=\"western\"><strong> Franziska Thurner and Hanna Priemetzhofer<br \/>\n<\/strong>Since 2005, the two Austrian artists Franziska Thurner and Hanna Priemetzhofer \u2013 known as \u00bbSystem Jaquelinde\u00ab \u2013 have been following their passion combining analogue and digital techniques. In their \u00bbLaboratory for visual things\u00ab they focus on autobiographical and socio-political topics. The coexistence of conception and coincidence forms the base of their artistic work. <a class=\"moz-txt-link-abbreviated\" href=\"http:\/\/www.system-jaquelinde.com\">www.system-jaquelinde.com<\/a><\/p>\n<p><strong>Valie Djordjevic <\/strong><br \/>\nValie Djordjevic lives and works in Berlin. She is an editor at iRights.info, a website about copyright in the digital age, and a writer and lecturer on digital culture, copyright and art. She studied literature, languages and film studies in Germany and the UK. She is an active participant in various net culture and net art initiatives and projects since the 1990s.<br \/>\n<a href=\"http:\/\/irights.info\" target=\"_blank\" rel=\"noopener noreferrer\">http:\/\/irights.info<br \/>\n<\/a><a href=\"http:\/\/valid.de\" target=\"_blank\" rel=\"noopener noreferrer\">http:\/\/valid.de<\/a><\/p>\n<p class=\"western\"><span style=\"color: #000000;\"><b>Veronika Krenn<br \/>\n<\/b><\/span><span style=\"color: #000000;\">studierte Interface Cultures an der Kunstuniversit\u00e4t Linz. Ihre Arbeiten bewegen sich im Bereich der neuen Medien, interaktiven Kunst und Eat Art, wobei ihr Fokus in der Manipulation von bereits bekannten und allt\u00e4glichen Gegenst\u00e4nden liegt. Sie untersucht und entwickelt unkonventionelle Kommunikationsstrategien. Seit 2012 arbeitet mit Vesela Mihaylova an essbaren Interfaces und Data Tastifications.<br \/>\n<\/span><a href=\"http:\/\/www.firstfloor.org\/ur\/\">http:\/\/vkrenn.at\/<br \/>\n<\/a><strong>Pamela Neuwirth<\/strong><br \/>\nlives in Linz, Austria. She studied Sociology and worked as radio editor, freelance journalist, mortician and as factotum at several archives during the last decade. Interested in crossover she worked with artists in the fields of technology and surveillance (Installation \u201eGhostradio\u201c, 2014), architecture and history (non-fiction-book \u201eGenossenschaftliches Wohnen\u201c, 2015) or art brut and psychiatry (reportage \u201eLunatic\u201c, 2016).<\/p>\n<p class=\"western\"><strong>Us(c)hi Reiter<br \/>\n<\/strong>studierte visuelle Mediengestaltung an der Kunstuniversit\u00e4t Linz. Als K\u00fcnstlerin arbeitet sie an konzeptionellen, wie performativen Setups mit unterschiedlichen Medien und kollaboriert mit verschiedenen Gruppen und K\u00fcnstlerinnen seit 1998. Seit 2005 leitet sie die Netzkultur-Initiative servus.at und besch\u00e4ftigt sich intensiv mit der Entwicklung von FLOSS (Free\/Libre Open Source Software) und die Auswirkung auf digitale Kunst und Kultur.<br \/>\n<a href=\"http:\/\/www.servus.at\" target=\"_blank\" rel=\"noopener noreferrer\">www.servus.at <\/a><br \/>\n<a href=\"http:\/\/www.firstfloor.org\/ur\/\">www.firstfloor.org\/ur\/<\/a><\/p>\n<p>&nbsp;<\/p>\n","protected":false},"excerpt":{"rendered":"<p>Davide Bevilacqua ist Medienk\u00fcnstler und Kurator. Er besch\u00e4ftigt sich mit Intertertextualit\u00e4t, kollaborativen Prozessen und experimentellen Formate f\u00fcr die k\u00fcnstlerische Praxis und Vermittlung. In seinen Installationen und Performances werden Kybernetik, organische Substanzen, K\u00fcnstliche Intelligenz und Medienarcheologie hinterfragt und in einer \u00c4sthetik der lebendige Maschine miteinander kombiniert. Seit 2015 arbeitet er als Kurator f\u00fcr das Kunstfestival Palinsesti [&hellip;]<\/p>\n","protected":false},"author":1,"featured_media":0,"parent":0,"menu_order":0,"comment_status":"closed","ping_status":"closed","template":"","meta":{"footnotes":"","_links_to":"","_links_to_target":""},"class_list":["post-24","page","type-page","status-publish","hentry"],"_links":{"self":[{"href":"https:\/\/research.radical-openness.org\/2017\/en\/wp-json\/wp\/v2\/pages\/24","targetHints":{"allow":["GET"]}}],"collection":[{"href":"https:\/\/research.radical-openness.org\/2017\/en\/wp-json\/wp\/v2\/pages"}],"about":[{"href":"https:\/\/research.radical-openness.org\/2017\/en\/wp-json\/wp\/v2\/types\/page"}],"author":[{"embeddable":true,"href":"https:\/\/research.radical-openness.org\/2017\/en\/wp-json\/wp\/v2\/users\/1"}],"replies":[{"embeddable":true,"href":"https:\/\/research.radical-openness.org\/2017\/en\/wp-json\/wp\/v2\/comments?post=24"}],"version-history":[{"count":5,"href":"https:\/\/research.radical-openness.org\/2017\/en\/wp-json\/wp\/v2\/pages\/24\/revisions"}],"predecessor-version":[{"id":127,"href":"https:\/\/research.radical-openness.org\/2017\/en\/wp-json\/wp\/v2\/pages\/24\/revisions\/127"}],"wp:attachment":[{"href":"https:\/\/research.radical-openness.org\/2017\/en\/wp-json\/wp\/v2\/media?parent=24"}],"curies":[{"name":"wp","href":"https:\/\/api.w.org\/{rel}","templated":true}]}}