{"id":10,"date":"2017-01-09T14:34:16","date_gmt":"2017-01-09T13:34:16","guid":{"rendered":"http:\/\/test.radical-openness.org\/2017\/?page_id=10"},"modified":"2017-03-14T14:48:43","modified_gmt":"2017-03-14T13:48:43","slug":"there-be-dragons","status":"publish","type":"page","link":"https:\/\/research.radical-openness.org\/2017\/en\/there-be-dragons\/","title":{"rendered":"Hic Sunt Dracones"},"content":{"rendered":"<p class=\"western\">Auf dem Hunt-Lenox Globus, der zu den \u00e4ltesten noch erhaltenen Globen geh\u00f6rt und in die Zeit der Jahre 1503 bis 1510 datiert wird, befindet sich die Formulierung HC SVNT DRACONES f\u00fcr die Gebiete, die \u00f6stlich von Asien liegen und unentdeckt waren.<\/p>\n<p class=\"western\">Fr\u00fche Weltkarten bzw Seekarten illustrierten Orte, die nicht bekannt waren h\u00e4ufig mit Fabeltieren wie Seeschlangen und Seemonstern. Unerforschtes und Ungewisses wurde so markiert um darauf hinzuweisen, dass es dort etwas zu entdecken gibt, was unter Umst\u00e4nden auch eine Gefahr darstellte. In der Finanzwelt wird im Jargon der Risikomanager mit \u201cT.B.D.\u201d (there be dragons) auf Risiken gedeutet, die nicht absehbar sind.<\/p>\n<p class=\"western\">Das k\u00fcnstlerische Forschungslabor greift das Thema in der Form auf, indem es \u00c4ngsten, Unsicherheiten und \u201cblinden Flecken\u201d unserer Gesellschaft nachsp\u00fcrt, neue Narrative entwickelt und f\u00fcr alternative Visualisierungen<a class=\"sdfootnoteanc\" href=\"#sdfootnote1sym\" name=\"sdfootnote1anc\"><sup>1<\/sup><\/a> kartografischen Methoden recherchiert, einsetzt oder entwickelt.<\/p>\n<p class=\"western\">T\u00e4glich werden Terabytes an Daten (geografische Daten, Metadaten, pers\u00f6nliche Daten, u.a.) von uns allen produziert und f\u00fcr immer in unterschiedlichen Rechenzentren auf der Welt gesichert. Diese Informationen und Daten werden heute mittels Algorithmen ausgewertet und uns als \u201cWahrheit\u201d od. Ansicht der Welt pr\u00e4sentiert. In unserer eurozentristischen digitalisierten Welt, wo jeder Fleck der Erde vermessen wird und scheinbar nichts unentdeckt bleibt, wollen wir mit unserer Untersuchung genau dieser Annahme auf den Grund gehen. Wir schaffen uns einen \u00dcberblick und sammeln theoretisches und historisches Material \u00fcber die Praxis der Kartographie von einst und jetzt. Bei der Auswahl von Material und in unserer Recherche legen wir aber einen Schwerpunkt einerseits auf thematische Karten und anderseits auf die Suchen nach unentdeckten Orten. (bzw. digital nicht erfassten Orten).<\/p>\n<div id=\"sdfootnote1\">\n<p class=\"sdfootnote-western\">\n<\/div>\n","protected":false},"excerpt":{"rendered":"<p>Auf dem Hunt-Lenox Globus, der zu den \u00e4ltesten noch erhaltenen Globen geh\u00f6rt und in die Zeit der Jahre 1503 bis 1510 datiert wird, befindet sich die Formulierung HC SVNT DRACONES f\u00fcr die Gebiete, die \u00f6stlich von Asien liegen und unentdeckt waren. Fr\u00fche Weltkarten bzw Seekarten illustrierten Orte, die nicht bekannt waren h\u00e4ufig mit Fabeltieren wie [&hellip;]<\/p>\n","protected":false},"author":1,"featured_media":88,"parent":0,"menu_order":0,"comment_status":"closed","ping_status":"closed","template":"","meta":{"footnotes":"","_links_to":"","_links_to_target":""},"class_list":["post-10","page","type-page","status-publish","has-post-thumbnail","hentry"],"_links":{"self":[{"href":"https:\/\/research.radical-openness.org\/2017\/en\/wp-json\/wp\/v2\/pages\/10","targetHints":{"allow":["GET"]}}],"collection":[{"href":"https:\/\/research.radical-openness.org\/2017\/en\/wp-json\/wp\/v2\/pages"}],"about":[{"href":"https:\/\/research.radical-openness.org\/2017\/en\/wp-json\/wp\/v2\/types\/page"}],"author":[{"embeddable":true,"href":"https:\/\/research.radical-openness.org\/2017\/en\/wp-json\/wp\/v2\/users\/1"}],"replies":[{"embeddable":true,"href":"https:\/\/research.radical-openness.org\/2017\/en\/wp-json\/wp\/v2\/comments?post=10"}],"version-history":[{"count":7,"href":"https:\/\/research.radical-openness.org\/2017\/en\/wp-json\/wp\/v2\/pages\/10\/revisions"}],"predecessor-version":[{"id":97,"href":"https:\/\/research.radical-openness.org\/2017\/en\/wp-json\/wp\/v2\/pages\/10\/revisions\/97"}],"wp:featuredmedia":[{"embeddable":true,"href":"https:\/\/research.radical-openness.org\/2017\/en\/wp-json\/wp\/v2\/media\/88"}],"wp:attachment":[{"href":"https:\/\/research.radical-openness.org\/2017\/en\/wp-json\/wp\/v2\/media?parent=10"}],"curies":[{"name":"wp","href":"https:\/\/api.w.org\/{rel}","templated":true}]}}