{"id":7,"date":"2014-12-18T22:09:18","date_gmt":"2014-12-18T22:09:18","guid":{"rendered":"http:\/\/test.radical-openness.org\/2015\/?page_id=7"},"modified":"2015-01-04T20:39:54","modified_gmt":"2015-01-04T19:39:54","slug":"about-us","status":"publish","type":"page","link":"https:\/\/research.radical-openness.org\/2015\/about-us\/","title":{"rendered":"About KairUs"},"content":{"rendered":"<p>KairUs is the artist collective curating the research.radical-openness 2015.<\/p>\n<p><a href=\"http:\/\/test.radical-openness.org\/2015\/wp-content\/uploads\/sites\/2\/2014\/12\/kairus2014_web.jpg\"><img loading=\"lazy\" decoding=\"async\" class=\"alignnone size-medium wp-image-20\" src=\"http:\/\/test.radical-openness.org\/2015\/wp-content\/uploads\/sites\/2\/2014\/12\/kairus2014_web-300x225.jpg\" alt=\"kairus2014_web\" width=\"300\" height=\"225\" srcset=\"https:\/\/research.radical-openness.org\/2015\/wp-content\/uploads\/sites\/2\/2014\/12\/kairus2014_web-300x225.jpg 300w, https:\/\/research.radical-openness.org\/2015\/wp-content\/uploads\/sites\/2\/2014\/12\/kairus2014_web.jpg 600w\" sizes=\"auto, (max-width: 300px) 100vw, 300px\" \/><\/a><br \/>\n<strong>EN: KairUs<\/strong> is an artist collaboration platform founded in 2010 by Linda Kronman and Andreas Zingerle. The platform takes interest in Human-Computer and Human-Human Interaction with a focus on media art and interactive storytelling. Through events like workshops, exhibitions, talks, presentations and guided tours KairUs invites people to participate and share opportune moments for art collaborations.<br \/>\nWebsite: <a href=\"http:\/\/www.kairus.org\" target=\"_blank\">http:\/\/www.kairus.org<\/a><\/p>\n<p><strong>DE: K\u00fcnstlerkollektiv Kairus.org<\/strong><br \/>\nGemeinsam treten Andreas Zingele und Linda Kronman unter dem Kollektivnamen &#8216;Kairus.org&#8217; auf. Gemeinsames Ziel ist die Forschung und ku\u0308nstlerische Produktion in den Bereichen Medienkunst, Mensch Maschine Interaktion, Transmedialer\/hyperfiktionaler Narration, das Abhaltung von Ausstellungen, Workshops und gefu\u0308hrten Touren zur Kunst- und Wissensvermittlung.<br \/>\nWebseite: <a href=\"http:\/\/www.kairus.org\" target=\"_blank\">http:\/\/www.kairus.org<\/a><\/p>\n<p><strong>&#8212;<\/strong><\/p>\n<p><strong>EN: Andreas Zingerle<\/strong> is a media artist from Innsbruck, Austria. He is a PhD candidate at the Timebased and Interactive Media Department in Linz (Austria).\u00a0He is researching scambaiting strategies and implements their mechanics in interactive narratives and media competence trainings. In the last years he worked on several installations exploring a creative misuse of technology and alternative ways of Human Computer Interaction. Since 2004 he takes part in international conferences and exhibitions, among others Ars Electronica Campus, Siggraph, Japan Media Arts Festival, File, WRO Biennale.<strong><br \/>\n<\/strong>Website: <a href=\"http:\/\/www.andreaszingerle.com\" target=\"_blank\">http:\/\/www.andreaszingerle.com<\/a><\/p>\n<p><strong>DE: Andreas Zingerle<\/strong> ist Medienk\u00fcnstler aus Innsbruck, lebt in Graz und Linz, wo er zur Zeit an seinem PhD an der Kunstuniversit\u00e4t Linz und als Assistent am Institut f\u00fcr Medien, Abteilung Zeitbasierte und Interaktive Medien arbeitet. Im Rahmen seiner Forschungsarbeit analysiert er Betrugs und Anti-scam Strategien und implementiert diese in k\u00fcnstlerische Installationen und Medienkompetenz trainings. In den letzten Jahren nahm er an Ausstellungen wie JAPAN MEDIA ARTS FESTIVAL (Tokio\/Japan), FILE (Sao Paulo\/Brasilien), SIGGRAPH (Los Angeles\/USA), Ars Electronica (Linz\/\u00d6sterreich), DISLOCATE (Tokio\/Japan), WRO Biennale (Wrozlaw\/Polen), MoCA (Boston\/USA) teil.<br \/>\nWebseite: <a href=\"http:\/\/www.andreaszingerle.com\" target=\"_blank\">http:\/\/www.andreaszingerle.com<\/a><\/p>\n<p><strong>\u00a0&#8212;<\/strong><\/p>\n<p><strong>EN: Linda Kronman<\/strong> (MA) is a media artist and designer from Helsinki, Finland. She has worked as an Art Director and Designer for media production companies and taken part in several multidisciplinary art and design projects. In her artistic work she is interested in exploring interactive storytelling, transmedia storytelling and digital fiction, specially in connection to creative activism. In 2014 she completed the postgraduate program in MediaArtHistories at the Danube University Krems, Austria with a focus on digital fiction.<br \/>\nWebsite: <a href=\"http:\/\/www.mycupofcoffee.info\" target=\"_blank\">http:\/\/www.mycupofcoffee.info<\/a><\/p>\n<p><strong>DE: Linda Kronman<\/strong> ist eine Medienk\u00fcnstlerin und Designerin, geboren 1979 in Helsinki, Finland. Seit 2001 arbeitet Sie als Art Direktorin, und im Jahre 2008 begann Sie mit Ihrer Master-Ausbildung am Media Lab der Aalto Universit\u00e4t in Helsinki, Finnland und IDAS\/Hong-ik Universit\u00e4t in Seoul\/S\u00fcdkorea. Sie graduierte im Jahre 2010 und absolvierte seither einige Artist in Residence Programme in den Niederlanden, Korea, \u00d6sterreich und China. In den letzten Jahren organisierte sie viele Workshops und nahm an internationalen Ausstellungen und Konferenzen teil.<br \/>\nWebseite: <a href=\"http:\/\/www.mycupofcoffee.info\" target=\"_blank\">http:\/\/www.mycupofcoffee.info<\/a><\/p>\n<p>&#8212;<\/p>\n<p><strong>Artworks by KairUs\/Ku\u0308nstlerische Arbeiten von KairUs:<\/strong><br \/>\n2014: &#8220;Monitoring Harry Brooks&#8221;<br \/>\nData visualization of Scammer e-mails\/Datenvisualisierung \u00fcber Scammers Email Accounts<br \/>\n2014: &#8220;Password:******&#8221;<br \/>\nData visualization of leaked passwords\/Datenvisualisierung u\u0308ber geleakte Passw\u00f6rter.<br \/>\n2012-13: \u201eFaceless Patrons\u201c<br \/>\nAugmented installation about Internet fraud\/Augmentierte Installation u\u0308ber Internetbetrug.<br \/>\n2011: &#8220;Opening Museums&#8221;<br \/>\nResearch and idea generation for digital participation in Todaysart-Museum\/ Forschungsarbeit u\u0308ber das Todaysart-Museum.<br \/>\n2011: &#8220;Samalu&#8221;<br \/>\nInteractive storytelling \/ Interaktive Narration.<br \/>\n2010-11: &#8220;Re: Dakar Arts Festival&#8221;<br \/>\nTransmedia story and installation \/ Transmediale Erz\u00e4hlung, Installation.<\/p>\n<p>&nbsp;<\/p>\n<p><strong>Selected exhibitions as KairUs \/ Auswahl gemeinsame Ausstellungen als Kairus.org Kollektiv:<\/strong><br \/>\n2014\u00a0 STUTTGARTER FILMWINTER \u2013 NETWORKED CULTURE, Stuttgart, Germany\/Deutschland<br \/>\n2014 PARAFLOWS.9 \u2013 INTIMACY, Vienna\/Wien, Austria\/\u00d6sterreich<br \/>\n2014 ART MEETS RADICAL OPENNESS, Linz, Austria\/\u00d6sterreich<\/p>\n<p>2013 15th WRO Biennale, Wroclaw, Poland\/Polen<br \/>\n2013 SIGGRAPH ASIA, Hong Kong.<br \/>\n2013 NEMAF \u2013 New Mediaart Festival, Seoul\/Korea.<\/p>\n<p>2012 SIGGRAPH ASIA, Singapore<br \/>\n2012 CONTEMPORARY ART RUHR, Essen, Germany\/Deutschland<br \/>\n2012 PARAFLOWS.7 \u2013 REVERSE ENGINEERING, Vienna\/Wien, Austria\/\u00d6sterreich<\/p>\n<p>2011 INTERSECTIONS Peking\/Beijing, China<br \/>\n2011 CLOSER&amp;CLOSING Seoul, Korea<br \/>\n2011 SCHMIEDE 11, Hallein,\u00a0 Austria\/\u00d6sterreich<\/p>\n<p>&nbsp;<\/p>\n<p><strong>Artist in Residence Programs\/Programme:<\/strong><br \/>\n2014 NKA Foundation, Kumasi, Ghana<br \/>\n2011 Redgate Gallery, Peking\/Beijing, China<br \/>\n2011 National Museum of Contemporary Art, Seoul, Korea<br \/>\n2011 Subnet, Salzburg, Austria\/\u00d6sterreich<br \/>\n2010 Patchingzone, Rotterdam, The Netherlands\/Niederlande<\/p>\n","protected":false},"excerpt":{"rendered":"<p>KairUs is the artist collective curating the research.radical-openness 2015. EN: KairUs is an artist collaboration platform founded in 2010 by Linda Kronman and Andreas Zingerle. The platform takes interest in Human-Computer and Human-Human Interaction with a focus on media art and interactive storytelling. Through events like workshops, exhibitions, talks, presentations and guided tours KairUs invites [&hellip;]<\/p>\n","protected":false},"author":2,"featured_media":20,"parent":0,"menu_order":0,"comment_status":"closed","ping_status":"closed","template":"","meta":{"footnotes":"","_links_to":"","_links_to_target":""},"class_list":["post-7","page","type-page","status-publish","has-post-thumbnail","hentry"],"_links":{"self":[{"href":"https:\/\/research.radical-openness.org\/2015\/wp-json\/wp\/v2\/pages\/7","targetHints":{"allow":["GET"]}}],"collection":[{"href":"https:\/\/research.radical-openness.org\/2015\/wp-json\/wp\/v2\/pages"}],"about":[{"href":"https:\/\/research.radical-openness.org\/2015\/wp-json\/wp\/v2\/types\/page"}],"author":[{"embeddable":true,"href":"https:\/\/research.radical-openness.org\/2015\/wp-json\/wp\/v2\/users\/2"}],"replies":[{"embeddable":true,"href":"https:\/\/research.radical-openness.org\/2015\/wp-json\/wp\/v2\/comments?post=7"}],"version-history":[{"count":11,"href":"https:\/\/research.radical-openness.org\/2015\/wp-json\/wp\/v2\/pages\/7\/revisions"}],"predecessor-version":[{"id":242,"href":"https:\/\/research.radical-openness.org\/2015\/wp-json\/wp\/v2\/pages\/7\/revisions\/242"}],"wp:featuredmedia":[{"embeddable":true,"href":"https:\/\/research.radical-openness.org\/2015\/wp-json\/wp\/v2\/media\/20"}],"wp:attachment":[{"href":"https:\/\/research.radical-openness.org\/2015\/wp-json\/wp\/v2\/media?parent=7"}],"curies":[{"name":"wp","href":"https:\/\/api.w.org\/{rel}","templated":true}]}}