{"id":12,"date":"2014-12-18T22:10:10","date_gmt":"2014-12-18T22:10:10","guid":{"rendered":"http:\/\/test.radical-openness.org\/2015\/?page_id=12"},"modified":"2015-01-04T20:13:39","modified_gmt":"2015-01-04T19:13:39","slug":"about-amro","status":"publish","type":"page","link":"https:\/\/research.radical-openness.org\/2015\/about-amro\/","title":{"rendered":"About AMRO"},"content":{"rendered":"<p>&#8220;Research.radical-openness&#8221; are research labs connected to the &#8220;Art Meets Radical Openness&#8221; festival.<\/p>\n<p><strong>Art Meets Radical Openness<\/strong><br \/>\n<em>Festival dedicated to Art, Hacktivism and Open Culture<\/em><\/p>\n<p>\u201cArt Meets Radical Openness\u201d is a community festival, an open lab, and a meeting point for artists, developers, hactivists, and idealists involved with the culture of sharing and communal production. They are catalysts that spark new discourses and open up new directions of thinking. Free Open Source Software, open tools in general and the use of free licenses are the precondition and basis for the digital practice of a community like this, which impels social transformation. This tangible transformation goes beyond a digital practice and also changes our real life.<\/p>\n<p><a href=\"http:\/\/www.radical-openness.org\">www.radical-openness.org<br \/>\n<\/a><\/p>\n<p><strong>Art Meets Radical Openness<\/strong><br \/>\n<em>Festival dedicated to Art, Hacktivism and Open Culture<\/em><\/p>\n<p>\u201eArt Meets Radical Openness\u201c ist ein Community Festival, offenes Labor und Treffpunkt f\u00fcr K\u00fcnstler_innen, Entwickler_innen, Hacktivist_innen und Weltverbesser_innen rund um die Kultur des Teilens und gemeinschaftlichen Produzierens. Sie gelten als Katalysatoren, die Diskurse entfachen, neue Denkrichtungen schaffen. Freie Open Source Software, generell offene Werkzeuge und die Verwendung von freien Lizenzen bilden die Voraussetzung und Basis f\u00fcr die digitale Praxis einer solchen Community, die einen gesellschaftlichen Wandel vorantreibt. Dieser sp\u00fcrbare Wandel geht \u00fcber eine digitale Praxis hinaus und ver\u00e4ndert auch unser reales Leben.<\/p>\n<p><a href=\"http:\/\/www.radical-openness.org\">www.radical-openness.org<\/a><\/p>\n","protected":false},"excerpt":{"rendered":"<p>&#8220;Research.radical-openness&#8221; are research labs connected to the &#8220;Art Meets Radical Openness&#8221; festival. Art Meets Radical Openness Festival dedicated to Art, Hacktivism and Open Culture \u201cArt Meets Radical Openness\u201d is a community festival, an open lab, and a meeting point for artists, developers, hactivists, and idealists involved with the culture of sharing and communal production. They [&hellip;]<\/p>\n","protected":false},"author":2,"featured_media":0,"parent":0,"menu_order":0,"comment_status":"closed","ping_status":"closed","template":"","meta":{"footnotes":"","_links_to":"","_links_to_target":""},"class_list":["post-12","page","type-page","status-publish","hentry"],"_links":{"self":[{"href":"https:\/\/research.radical-openness.org\/2015\/wp-json\/wp\/v2\/pages\/12","targetHints":{"allow":["GET"]}}],"collection":[{"href":"https:\/\/research.radical-openness.org\/2015\/wp-json\/wp\/v2\/pages"}],"about":[{"href":"https:\/\/research.radical-openness.org\/2015\/wp-json\/wp\/v2\/types\/page"}],"author":[{"embeddable":true,"href":"https:\/\/research.radical-openness.org\/2015\/wp-json\/wp\/v2\/users\/2"}],"replies":[{"embeddable":true,"href":"https:\/\/research.radical-openness.org\/2015\/wp-json\/wp\/v2\/comments?post=12"}],"version-history":[{"count":4,"href":"https:\/\/research.radical-openness.org\/2015\/wp-json\/wp\/v2\/pages\/12\/revisions"}],"predecessor-version":[{"id":239,"href":"https:\/\/research.radical-openness.org\/2015\/wp-json\/wp\/v2\/pages\/12\/revisions\/239"}],"wp:attachment":[{"href":"https:\/\/research.radical-openness.org\/2015\/wp-json\/wp\/v2\/media?parent=12"}],"curies":[{"name":"wp","href":"https:\/\/api.w.org\/{rel}","templated":true}]}}